{"id":1325,"date":"2017-06-12T12:16:47","date_gmt":"2017-06-12T04:16:47","guid":{"rendered":"http:\/\/www.junglefish.net\/?page_id=1325"},"modified":"2021-11-03T16:12:06","modified_gmt":"2021-11-03T08:12:06","slug":"how-we-work","status":"publish","type":"page","link":"https:\/\/www.junglefish.net\/de\/how-we-work\/","title":{"rendered":"How We Work"},"content":{"rendered":"<style type=\"text\/css\" data-created_by=\"avia_inline_auto\" id=\"style-css-av-kied065d-d73003f28d273691ba934ed69dbf2ee4\">\n.avia-section.av-kied065d-d73003f28d273691ba934ed69dbf2ee4{\nbackground-color:#f7f7f5;\n}\n<\/style>\n<div id='av_section_1'  class='avia-section av-kied065d-d73003f28d273691ba934ed69dbf2ee4 main_color avia-section-no-padding avia-no-border-styling  avia-builder-el-0  el_before_av_section  avia-builder-el-first  avia-bg-style-scroll  container_wrap fullsize'  ><div class='container av-section-cont-open' ><main  role=\"main\" itemprop=\"mainContentOfPage\"  class='template-page content  av-content-full alpha units'><div class='post-entry post-entry-type-page post-entry-1325'><div class='entry-content-wrapper clearfix'>\n<div   data-size='featured_large'  data-lightbox_size='large'  data-animation='slide'  data-conditional_play=''  data-ids='2759'  data-video_counter='0'  data-autoplay='false'  data-bg_slider='false'  data-slide_height=''  data-handle='av_slideshow'  data-interval='5'  data-class=' avia-builder-el-1  avia-builder-el-no-sibling  '  data-el_id=''  data-css_id=''  data-scroll_down=''  data-control_layout='av-control-default'  data-custom_markup=''  data-perma_caption=''  data-autoplay_stopper=''  data-image_attachment=''  data-min_height='0px'  data-lazy_loading='disabled'  data-img_scrset=''  data-default-height='42'  class='avia-slideshow avia-slideshow-1  av-control-default av-default-height-applied avia-slideshow-featured_large av_slideshow  avia-builder-el-1  avia-builder-el-no-sibling   avia-slide-slider '  itemprop=\"image\" itemscope=\"itemscope\" itemtype=\"https:\/\/schema.org\/ImageObject\" ><ul class='avia-slideshow-inner ' style='padding-bottom: 47.933884297521%;' ><li  class=' av-single-slide slide-1 ' ><div data-rel='slideshow-1' class='avia-slide-wrap '   ><img decoding=\"async\" class=\"wp-image-2759 avia-img-lazy-loading-not-2759\"  src=\"https:\/\/www.junglefish.net\/wp-content\/uploads\/2021\/11\/fish-design-process.webp\" width=\"1210\" height=\"580\" title='fish-design-process' alt=''  itemprop=\"thumbnailUrl\" srcset=\"https:\/\/www.junglefish.net\/wp-content\/uploads\/2021\/11\/fish-design-process.webp 1210w, https:\/\/www.junglefish.net\/wp-content\/uploads\/2021\/11\/fish-design-process-300x144.webp 300w, https:\/\/www.junglefish.net\/wp-content\/uploads\/2021\/11\/fish-design-process-1030x494.webp 1030w, https:\/\/www.junglefish.net\/wp-content\/uploads\/2021\/11\/fish-design-process-768x368.webp 768w, https:\/\/www.junglefish.net\/wp-content\/uploads\/2021\/11\/fish-design-process-705x338.webp 705w\" sizes=\"(max-width: 1210px) 100vw, 1210px\" \/><\/div><\/li><\/ul><\/div>\n<\/div><\/div><\/main><!-- close content main element --><\/div><\/div><div id='av_section_2'  class='avia-section av-j6t2il-f0ddf7ad49b57ce85fee1c9458326a73 main_color avia-section-default avia-no-border-styling  avia-builder-el-2  el_after_av_section  el_before_av_one_third  avia-bg-style-scroll  container_wrap fullsize'  ><div class='container av-section-cont-open' ><div class='template-page content  av-content-full alpha units'><div class='post-entry post-entry-type-page post-entry-1325'><div class='entry-content-wrapper clearfix'>\n\n<style type=\"text\/css\" data-created_by=\"avia_inline_auto\" id=\"style-css-av-hgo23x-60605f157a192de9ad1f5da6fa639a70\">\n.flex_column.av-hgo23x-60605f157a192de9ad1f5da6fa639a70{\nborder-radius:0px 0px 0px 0px;\n-webkit-border-radius:0px 0px 0px 0px;\n-moz-border-radius:0px 0px 0px 0px;\npadding:15px 15px 15px 15px;\n}\n<\/style>\n<div class='flex_column av-hgo23x-60605f157a192de9ad1f5da6fa639a70 av_two_third  avia-builder-el-3  el_before_av_one_third  avia-builder-el-first  first flex_column_div '   ><section  class='av_textblock_section av-ghvwy5-727fb5985dd3c4d2df842a57bde58263 '  itemscope=\"itemscope\" itemtype=\"https:\/\/schema.org\/CreativeWork\" ><div class='avia_textblock '  itemprop=\"text\" ><h1 class=\"superbig\">How we work &#8211; Brand Design Process<\/h1>\n<p><\/p>\n<blockquote>\n<p>Wir arbeiten mit ausgereiften und einfachen Prozessen, die Resultate erzielen und das Gesch\u00e4ft st\u00e4rken. Wir h\u00f6ren oft, dass Kreativit\u00e4t ein chaotisches Umfeld ausserhalb von realistischen Rahmenbedingung ben\u00f6tigt. Jahrelange Erfahrung hat uns gelehrt, dass ein strukturierter Ansatz zu besseren Resultaten f\u00fchrt. <strong>Gutes Design schafft h\u00f6heren Unternehmenswert<\/strong><\/p>\n<\/blockquote>\n<p><\/p>\n<\/div><\/section><\/div>\n<style type=\"text\/css\" data-created_by=\"avia_inline_auto\" id=\"style-css-av-1d2sf1-8a2e7587c4366f2b0d41450918274116\">\n.flex_column.av-1d2sf1-8a2e7587c4366f2b0d41450918274116{\nborder-radius:0px 0px 0px 0px;\n-webkit-border-radius:0px 0px 0px 0px;\n-moz-border-radius:0px 0px 0px 0px;\npadding:15px 15px 15px 15px;\nbackground-color:#f7f7f5;\n}\n<\/style>\n<div class='flex_column av-1d2sf1-8a2e7587c4366f2b0d41450918274116 av_one_third  avia-builder-el-5  el_after_av_two_third  avia-builder-el-last  flex_column_div '   ><section  class='av_textblock_section av-c8ekwt-783781d742a138bd87bad32ffdc67791 '  itemscope=\"itemscope\" itemtype=\"https:\/\/schema.org\/CreativeWork\" ><div class='avia_textblock '  itemprop=\"text\" ><p><\/p>\n<h2>Beispiele<\/h2>\n<ul>\n<li><a href=\"https:\/\/www.junglefish.net\/lacquers-ready-for-mars\/\">Modernisierung des Markenbildes<\/a><\/li>\n<li><a href=\"https:\/\/www.junglefish.net\/brand-extension-for-miji\/\">Strategische Neuausrichtung<\/a><\/li>\n<li><a href=\"https:\/\/www.junglefish.net\/timber-your-life\/\">Marken-Neustart in China<\/a><\/li>\n<li><a href=\"https:\/\/www.junglefish.net\/security-experts-from-finland\/\">Marken-Lokalisierung<\/a><\/li>\n<li><a href=\"https:\/\/www.junglefish.net\/catalan-creativity-in-china\/\">Event Branding<\/a><\/li>\n<li><a href=\"https:\/\/www.junglefish.net\/retail-design-for-miji\/\">Retail Design<\/a><\/li>\n<li><a href=\"https:\/\/www.junglefish.net\/make-it\/\">Gewerbegebiet<\/a><\/li>\n<\/ul>\n<p><\/p>\n<\/div><\/section><\/div>\n<\/div><\/div><\/div><!-- close content main div --><\/div><\/div><div id='after_section_2'  class='main_color av_default_container_wrap container_wrap fullsize'  ><div class='container av-section-cont-open' ><div class='template-page content  av-content-full alpha units'><div class='post-entry post-entry-type-page post-entry-1325'><div class='entry-content-wrapper clearfix'><\/p>\n\n<style type=\"text\/css\" data-created_by=\"avia_inline_auto\" id=\"style-css-av-bcjgm5-94bb40a44fdf1cba158a29e2e6d7db2a\">\n.flex_column.av-bcjgm5-94bb40a44fdf1cba158a29e2e6d7db2a{\nborder-radius:0px 0px 0px 0px;\n-webkit-border-radius:0px 0px 0px 0px;\n-moz-border-radius:0px 0px 0px 0px;\npadding:0px 10px 0px 10px;\n}\n<\/style>\n<div class='flex_column av-bcjgm5-94bb40a44fdf1cba158a29e2e6d7db2a av_one_third  avia-builder-el-7  el_after_av_section  el_before_av_one_third  avia-builder-el-first  first flex_column_div  av-animated-generic pop-up '   ><section  class='av_textblock_section av-98leot-cbf6e0b0211f8356638e008177140ea4 '  itemscope=\"itemscope\" itemtype=\"https:\/\/schema.org\/CreativeWork\" ><div class='avia_textblock '  itemprop=\"text\" ><p><img decoding=\"async\" class=\"alignnone wp-image-971 size-medium\" src=\"https:\/\/www.junglefish.net\/wp-content\/uploads\/2016\/05\/JungleFish-Approach-01-300x144.png\" alt=\"\" width=\"300\" height=\"144\" srcset=\"https:\/\/www.junglefish.net\/wp-content\/uploads\/2016\/05\/JungleFish-Approach-01-300x144.png 300w, https:\/\/www.junglefish.net\/wp-content\/uploads\/2016\/05\/JungleFish-Approach-01-768x368.png 768w, https:\/\/www.junglefish.net\/wp-content\/uploads\/2016\/05\/JungleFish-Approach-01-705x338.png 705w, https:\/\/www.junglefish.net\/wp-content\/uploads\/2016\/05\/JungleFish-Approach-01-450x216.png 450w, https:\/\/www.junglefish.net\/wp-content\/uploads\/2016\/05\/JungleFish-Approach-01.png 960w\" sizes=\"(max-width: 300px) 100vw, 300px\" \/><\/p>\n<p><\/p>\n<h3><strong>Phase 1: <\/strong>INNOVATION<\/h3>\n<p><strong>Verstehen<\/strong><\/p>\n<p>Jedes Projekt startet mit Verstehen.\u00a0Bevor wir unsere kreative T\u00e4tigkeit aufnehmen, m\u00fcssen wir die Bed\u00fcrfnisse unseres Kunden, das Unternehmen und das Umfeld der Unternehmenst\u00e4tigkeit verstehen.<\/p>\n<p><strong>Erkunden<\/strong><\/p>\n<p>Gute Ideen kommen nicht im alleine! Das Ermitteln von relevanten Einsichten ist von gr\u00f6sster Bedeutung f\u00fcr die F\u00f6rderung von kreativen Neuerungen. Wir m\u00fcssen die Position und das Umfeld der Marke und das Produktportfolio des Kunden erforschen und dies mit Erkenntnissen der Bed\u00fcrfnisse von Produktnutzern und deren emotionalen Bindung zur Marke und dem Produkt kombinieren. Wir wollen die Ausl\u00f6ser f\u00fcr die Kaufentscheidung bestimmen.<\/p>\n<p><strong>Designziel<\/strong><\/p>\n<p>Wenn die Chancen f\u00fcr Innovation zugeordnet und Einsichten vorhanden sind, definieren wir zusammen mit dem Kunden das Designziel.<\/p>\n<p><\/p>\n<\/div><\/section><\/div>\n\n<style type=\"text\/css\" data-created_by=\"avia_inline_auto\" id=\"style-css-av-886bm5-9dc5145b85df984004caf45c4e1d0101\">\n.flex_column.av-886bm5-9dc5145b85df984004caf45c4e1d0101{\nborder-radius:0px 0px 0px 0px;\n-webkit-border-radius:0px 0px 0px 0px;\n-moz-border-radius:0px 0px 0px 0px;\npadding:0px 10px 0px 10px;\n}\n<\/style>\n<div class='flex_column av-886bm5-9dc5145b85df984004caf45c4e1d0101 av_one_third  avia-builder-el-9  el_after_av_one_third  el_before_av_one_third  flex_column_div  av-animated-generic pop-up '   ><section  class='av_textblock_section av-65z2hp-430d08c8b64d8e9f8cda531fada5f055 '  itemscope=\"itemscope\" itemtype=\"https:\/\/schema.org\/CreativeWork\" ><div class='avia_textblock '  itemprop=\"text\" ><p><img decoding=\"async\" class=\"alignnone wp-image-972 size-medium\" src=\"http:\/\/www.junglefish.net\/wp-content\/uploads\/2016\/05\/JungleFish-Approach-02-300x144.png\" alt=\"\" width=\"300\" height=\"144\" srcset=\"https:\/\/www.junglefish.net\/wp-content\/uploads\/2016\/05\/JungleFish-Approach-02-300x144.png 300w, https:\/\/www.junglefish.net\/wp-content\/uploads\/2016\/05\/JungleFish-Approach-02-768x368.png 768w, https:\/\/www.junglefish.net\/wp-content\/uploads\/2016\/05\/JungleFish-Approach-02-705x338.png 705w, https:\/\/www.junglefish.net\/wp-content\/uploads\/2016\/05\/JungleFish-Approach-02-450x216.png 450w, https:\/\/www.junglefish.net\/wp-content\/uploads\/2016\/05\/JungleFish-Approach-02.png 960w\" sizes=\"(max-width: 300px) 100vw, 300px\" \/><\/p>\n<p><\/p>\n<h3><strong>Phase 2: <\/strong>DESIGN<\/h3>\n<p><strong>Entwurf<\/strong><\/p>\n<p>Jedes Projekt startet mit Verstehen.\u00a0Bevor wir unsere kreative T\u00e4tigkeit aufnehmen, m\u00fcssen wir die Bed\u00fcrfnisse unseres Kunden, das Unternehmen und das Umfeld der Unternehmenst\u00e4tigkeit verstehen.<\/p>\n<p><strong>Gestaltung<\/strong><\/p>\n<p>Die aussichtsreichsten Konzepte schaffen es in die n\u00e4chste Phase des Designs. Diese sind machbar, spannend, innovativ und entsprechen dem Designziel.<\/p>\n<p><strong>Evaluierung<\/strong><\/p>\n<p>Wir besprechen die Konzepte mit unseren Kunden und wenn m\u00f6glich auch mit Endnutzern und Experten, um so viele Reaktionen wie m\u00f6glich in der Fr\u00fchphase des Entwicklungsprozesses zu erhalten.<\/p>\n<p><strong>Verfeinerung<\/strong><\/p>\n<p>Das siegreiche Konzept wird verfeinert in ein endg\u00fcltiges Design.\u00a0Abh\u00e4ngig von der Vielschichtigkeit und des strategischen Wertes des Designs, sowie wie deren Einschr\u00e4nkungen ist eine zus\u00e4tzliche Testphase mit Endnutzern m\u00f6glicherweise notwendig.<br \/>\n<\/p>\n<\/div><\/section><\/div>\n\n<style type=\"text\/css\" data-created_by=\"avia_inline_auto\" id=\"style-css-av-4ix2zx-6eeef9aaeff99a617e1965c63fa3f122\">\n.flex_column.av-4ix2zx-6eeef9aaeff99a617e1965c63fa3f122{\nborder-radius:0px 0px 0px 0px;\n-webkit-border-radius:0px 0px 0px 0px;\n-moz-border-radius:0px 0px 0px 0px;\npadding:0px 10px 0px 10px;\n}\n<\/style>\n<div class='flex_column av-4ix2zx-6eeef9aaeff99a617e1965c63fa3f122 av_one_third  avia-builder-el-11  el_after_av_one_third  avia-builder-el-last  flex_column_div  av-animated-generic pop-up '   ><section  class='av_textblock_section av-2rzkct-01fe4f32a76ee986bb0c39dbb445c156 '  itemscope=\"itemscope\" itemtype=\"https:\/\/schema.org\/CreativeWork\" ><div class='avia_textblock '  itemprop=\"text\" ><p><img decoding=\"async\" class=\"alignnone wp-image-973 size-medium\" src=\"http:\/\/www.junglefish.net\/wp-content\/uploads\/2016\/05\/JungleFish-Approach-03-300x144.png\" alt=\"\" width=\"300\" height=\"144\" srcset=\"https:\/\/www.junglefish.net\/wp-content\/uploads\/2016\/05\/JungleFish-Approach-03-300x144.png 300w, https:\/\/www.junglefish.net\/wp-content\/uploads\/2016\/05\/JungleFish-Approach-03-768x368.png 768w, https:\/\/www.junglefish.net\/wp-content\/uploads\/2016\/05\/JungleFish-Approach-03-705x338.png 705w, https:\/\/www.junglefish.net\/wp-content\/uploads\/2016\/05\/JungleFish-Approach-03-450x216.png 450w, https:\/\/www.junglefish.net\/wp-content\/uploads\/2016\/05\/JungleFish-Approach-03.png 960w\" sizes=\"(max-width: 300px) 100vw, 300px\" \/><\/p>\n<p><\/p>\n<h3><strong>Phase 3: <\/strong>REALISIEREN<\/h3>\n<p><strong>Spezifikation<\/strong><\/p>\n<p>Sobald das Design abgenommen ist, bereiten wir die Reinzeichnungen f\u00fcr die Produktion vor. Ein Mock-up zur finalen Abnahme wird erstellt.<\/p>\n<p><strong>Produktion<\/strong><\/p>\n<p>Das fertige Design wir in die Produktion \u00fcbertragen. Wir begleiten das Projekt bis zum fertigen Produkt um sicherzustellen, dass die Produktionsspezifikationen und Designvorgeben richtig umgesetzt werden.<\/p>\n<p><\/p>\n<\/div><\/section><\/div>","protected":false},"excerpt":{"rendered":"<p>Wir arbeiten mit ausgereiften und einfachen Prozessen, die Resultate erzielen und das Gesch\u00e4ft st\u00e4rken.<\/p>\n","protected":false},"author":6,"featured_media":965,"parent":0,"menu_order":0,"comment_status":"closed","ping_status":"closed","template":"","meta":{"footnotes":""},"class_list":["post-1325","page","type-page","status-publish","has-post-thumbnail","hentry"],"yoast_head":"<!-- This site is optimized with the Yoast SEO plugin v25.9 - https:\/\/yoast.com\/wordpress\/plugins\/seo\/ -->\n<title>How We Work &#8226; Brand Design Process &#8226; JungleFish Shanghai<\/title>\n<meta name=\"description\" content=\"We work with a proven and easy to apply process, that ensures you get results which really impact your business.  \u6211\u4eec\u4f7f\u7528\u4e00\u4e2a\u4e45\u7ecf\u8003\u9a8c\u7684\u7b80\u5355\u7684\u5e94\u7528\u6d41\u7a0b\uff0c\u4ee5\u786e\u4fdd\u60a8\u5f97\u5230\u7684\u7ed3\u679c\u771f\u7684\u80fd\u591f\u5f71\u54cd\u60a8\u7684\u4e1a\u52a1\u3002 Wir arbeiten mit ausgereiften und einfachen Prozessen, die Resultate erzielen und das Gesch\u00e4ft st\u00e4rken.\" \/>\n<meta name=\"robots\" content=\"index, follow, max-snippet:-1, max-image-preview:large, max-video-preview:-1\" \/>\n<link rel=\"canonical\" href=\"https:\/\/www.junglefish.net\/how-we-work\/\" \/>\n<meta property=\"og:locale\" content=\"de_DE\" \/>\n<meta property=\"og:type\" content=\"article\" \/>\n<meta property=\"og:title\" content=\"How We Work &#8226; Brand Design Process &#8226; JungleFish Shanghai\" \/>\n<meta property=\"og:description\" content=\"We work with a proven and easy to apply process, that ensures you get results which really impact your business.  \u6211\u4eec\u4f7f\u7528\u4e00\u4e2a\u4e45\u7ecf\u8003\u9a8c\u7684\u7b80\u5355\u7684\u5e94\u7528\u6d41\u7a0b\uff0c\u4ee5\u786e\u4fdd\u60a8\u5f97\u5230\u7684\u7ed3\u679c\u771f\u7684\u80fd\u591f\u5f71\u54cd\u60a8\u7684\u4e1a\u52a1\u3002 Wir arbeiten mit ausgereiften und einfachen Prozessen, die Resultate erzielen und das Gesch\u00e4ft st\u00e4rken.\" \/>\n<meta property=\"og:url\" content=\"https:\/\/www.junglefish.net\/how-we-work\/\" \/>\n<meta property=\"og:site_name\" content=\"JungleFish Shanghai\" \/>\n<meta property=\"article:modified_time\" content=\"2021-11-03T08:12:06+00:00\" \/>\n<meta property=\"og:image\" content=\"https:\/\/www.junglefish.net\/wp-content\/uploads\/2016\/04\/sketching.jpg\" \/>\n\t<meta property=\"og:image:width\" content=\"960\" \/>\n\t<meta property=\"og:image:height\" content=\"460\" \/>\n\t<meta property=\"og:image:type\" content=\"image\/jpeg\" \/>\n<meta name=\"twitter:card\" content=\"summary_large_image\" \/>\n<meta name=\"twitter:label1\" content=\"Gesch\u00e4tzte Lesezeit\" \/>\n\t<meta name=\"twitter:data1\" content=\"6\u00a0Minuten\" \/>\n<script type=\"application\/ld+json\" class=\"yoast-schema-graph\">{\"@context\":\"https:\/\/schema.org\",\"@graph\":[{\"@type\":\"WebPage\",\"@id\":\"https:\/\/www.junglefish.net\/how-we-work\/\",\"url\":\"https:\/\/www.junglefish.net\/how-we-work\/\",\"name\":\"How We Work &#8226; Brand Design Process &#8226; JungleFish Shanghai\",\"isPartOf\":{\"@id\":\"https:\/\/www.junglefish.net\/#website\"},\"primaryImageOfPage\":{\"@id\":\"https:\/\/www.junglefish.net\/how-we-work\/#primaryimage\"},\"image\":{\"@id\":\"https:\/\/www.junglefish.net\/how-we-work\/#primaryimage\"},\"thumbnailUrl\":\"https:\/\/www.junglefish.net\/wp-content\/uploads\/2016\/04\/sketching.jpg\",\"datePublished\":\"2017-06-12T04:16:47+00:00\",\"dateModified\":\"2021-11-03T08:12:06+00:00\",\"description\":\"We work with a proven and easy to apply process, that ensures you get results which really impact your business. \u6211\u4eec\u4f7f\u7528\u4e00\u4e2a\u4e45\u7ecf\u8003\u9a8c\u7684\u7b80\u5355\u7684\u5e94\u7528\u6d41\u7a0b\uff0c\u4ee5\u786e\u4fdd\u60a8\u5f97\u5230\u7684\u7ed3\u679c\u771f\u7684\u80fd\u591f\u5f71\u54cd\u60a8\u7684\u4e1a\u52a1\u3002 Wir arbeiten mit ausgereiften und einfachen Prozessen, die Resultate erzielen und das Gesch\u00e4ft st\u00e4rken.\",\"breadcrumb\":{\"@id\":\"https:\/\/www.junglefish.net\/how-we-work\/#breadcrumb\"},\"inLanguage\":\"de\",\"potentialAction\":[{\"@type\":\"ReadAction\",\"target\":[\"https:\/\/www.junglefish.net\/how-we-work\/\"]}]},{\"@type\":\"ImageObject\",\"inLanguage\":\"de\",\"@id\":\"https:\/\/www.junglefish.net\/how-we-work\/#primaryimage\",\"url\":\"https:\/\/www.junglefish.net\/wp-content\/uploads\/2016\/04\/sketching.jpg\",\"contentUrl\":\"https:\/\/www.junglefish.net\/wp-content\/uploads\/2016\/04\/sketching.jpg\",\"width\":960,\"height\":460},{\"@type\":\"BreadcrumbList\",\"@id\":\"https:\/\/www.junglefish.net\/how-we-work\/#breadcrumb\",\"itemListElement\":[{\"@type\":\"ListItem\",\"position\":1,\"name\":\"Home\",\"item\":\"https:\/\/www.junglefish.net\/\"},{\"@type\":\"ListItem\",\"position\":2,\"name\":\"How We Work\"}]},{\"@type\":\"WebSite\",\"@id\":\"https:\/\/www.junglefish.net\/#website\",\"url\":\"https:\/\/www.junglefish.net\/\",\"name\":\"JungleFish Shanghai\",\"description\":\"Branding and Design\",\"publisher\":{\"@id\":\"https:\/\/www.junglefish.net\/#organization\"},\"potentialAction\":[{\"@type\":\"SearchAction\",\"target\":{\"@type\":\"EntryPoint\",\"urlTemplate\":\"https:\/\/www.junglefish.net\/?s={search_term_string}\"},\"query-input\":{\"@type\":\"PropertyValueSpecification\",\"valueRequired\":true,\"valueName\":\"search_term_string\"}}],\"inLanguage\":\"de\"},{\"@type\":\"Organization\",\"@id\":\"https:\/\/www.junglefish.net\/#organization\",\"name\":\"Junglefish\",\"url\":\"https:\/\/www.junglefish.net\/\",\"logo\":{\"@type\":\"ImageObject\",\"inLanguage\":\"de\",\"@id\":\"https:\/\/www.junglefish.net\/#\/schema\/logo\/image\/\",\"url\":\"https:\/\/www.junglefish.net\/wp-content\/uploads\/2017\/06\/JungleFish-logo-2x-h-236px-tr.png\",\"contentUrl\":\"https:\/\/www.junglefish.net\/wp-content\/uploads\/2017\/06\/JungleFish-logo-2x-h-236px-tr.png\",\"width\":749,\"height\":236,\"caption\":\"Junglefish\"},\"image\":{\"@id\":\"https:\/\/www.junglefish.net\/#\/schema\/logo\/image\/\"},\"sameAs\":[\"https:\/\/www.linkedin.com\/company\/junglefish\"]}]}<\/script>\n<!-- \/ Yoast SEO plugin. -->","yoast_head_json":{"title":"How We Work &#8226; Brand Design Process &#8226; JungleFish Shanghai","description":"We work with a proven and easy to apply process, that ensures you get results which really impact your business.  \u6211\u4eec\u4f7f\u7528\u4e00\u4e2a\u4e45\u7ecf\u8003\u9a8c\u7684\u7b80\u5355\u7684\u5e94\u7528\u6d41\u7a0b\uff0c\u4ee5\u786e\u4fdd\u60a8\u5f97\u5230\u7684\u7ed3\u679c\u771f\u7684\u80fd\u591f\u5f71\u54cd\u60a8\u7684\u4e1a\u52a1\u3002 Wir arbeiten mit ausgereiften und einfachen Prozessen, die Resultate erzielen und das Gesch\u00e4ft st\u00e4rken.","robots":{"index":"index","follow":"follow","max-snippet":"max-snippet:-1","max-image-preview":"max-image-preview:large","max-video-preview":"max-video-preview:-1"},"canonical":"https:\/\/www.junglefish.net\/how-we-work\/","og_locale":"de_DE","og_type":"article","og_title":"How We Work &#8226; Brand Design Process &#8226; JungleFish Shanghai","og_description":"We work with a proven and easy to apply process, that ensures you get results which really impact your business.  \u6211\u4eec\u4f7f\u7528\u4e00\u4e2a\u4e45\u7ecf\u8003\u9a8c\u7684\u7b80\u5355\u7684\u5e94\u7528\u6d41\u7a0b\uff0c\u4ee5\u786e\u4fdd\u60a8\u5f97\u5230\u7684\u7ed3\u679c\u771f\u7684\u80fd\u591f\u5f71\u54cd\u60a8\u7684\u4e1a\u52a1\u3002 Wir arbeiten mit ausgereiften und einfachen Prozessen, die Resultate erzielen und das Gesch\u00e4ft st\u00e4rken.","og_url":"https:\/\/www.junglefish.net\/how-we-work\/","og_site_name":"JungleFish Shanghai","article_modified_time":"2021-11-03T08:12:06+00:00","og_image":[{"width":960,"height":460,"url":"https:\/\/www.junglefish.net\/wp-content\/uploads\/2016\/04\/sketching.jpg","type":"image\/jpeg"}],"twitter_card":"summary_large_image","twitter_misc":{"Gesch\u00e4tzte Lesezeit":"6\u00a0Minuten"},"schema":{"@context":"https:\/\/schema.org","@graph":[{"@type":"WebPage","@id":"https:\/\/www.junglefish.net\/how-we-work\/","url":"https:\/\/www.junglefish.net\/how-we-work\/","name":"How We Work &#8226; Brand Design Process &#8226; JungleFish Shanghai","isPartOf":{"@id":"https:\/\/www.junglefish.net\/#website"},"primaryImageOfPage":{"@id":"https:\/\/www.junglefish.net\/how-we-work\/#primaryimage"},"image":{"@id":"https:\/\/www.junglefish.net\/how-we-work\/#primaryimage"},"thumbnailUrl":"https:\/\/www.junglefish.net\/wp-content\/uploads\/2016\/04\/sketching.jpg","datePublished":"2017-06-12T04:16:47+00:00","dateModified":"2021-11-03T08:12:06+00:00","description":"We work with a proven and easy to apply process, that ensures you get results which really impact your business. \u6211\u4eec\u4f7f\u7528\u4e00\u4e2a\u4e45\u7ecf\u8003\u9a8c\u7684\u7b80\u5355\u7684\u5e94\u7528\u6d41\u7a0b\uff0c\u4ee5\u786e\u4fdd\u60a8\u5f97\u5230\u7684\u7ed3\u679c\u771f\u7684\u80fd\u591f\u5f71\u54cd\u60a8\u7684\u4e1a\u52a1\u3002 Wir arbeiten mit ausgereiften und einfachen Prozessen, die Resultate erzielen und das Gesch\u00e4ft st\u00e4rken.","breadcrumb":{"@id":"https:\/\/www.junglefish.net\/how-we-work\/#breadcrumb"},"inLanguage":"de","potentialAction":[{"@type":"ReadAction","target":["https:\/\/www.junglefish.net\/how-we-work\/"]}]},{"@type":"ImageObject","inLanguage":"de","@id":"https:\/\/www.junglefish.net\/how-we-work\/#primaryimage","url":"https:\/\/www.junglefish.net\/wp-content\/uploads\/2016\/04\/sketching.jpg","contentUrl":"https:\/\/www.junglefish.net\/wp-content\/uploads\/2016\/04\/sketching.jpg","width":960,"height":460},{"@type":"BreadcrumbList","@id":"https:\/\/www.junglefish.net\/how-we-work\/#breadcrumb","itemListElement":[{"@type":"ListItem","position":1,"name":"Home","item":"https:\/\/www.junglefish.net\/"},{"@type":"ListItem","position":2,"name":"How We Work"}]},{"@type":"WebSite","@id":"https:\/\/www.junglefish.net\/#website","url":"https:\/\/www.junglefish.net\/","name":"JungleFish Shanghai","description":"Branding and Design","publisher":{"@id":"https:\/\/www.junglefish.net\/#organization"},"potentialAction":[{"@type":"SearchAction","target":{"@type":"EntryPoint","urlTemplate":"https:\/\/www.junglefish.net\/?s={search_term_string}"},"query-input":{"@type":"PropertyValueSpecification","valueRequired":true,"valueName":"search_term_string"}}],"inLanguage":"de"},{"@type":"Organization","@id":"https:\/\/www.junglefish.net\/#organization","name":"Junglefish","url":"https:\/\/www.junglefish.net\/","logo":{"@type":"ImageObject","inLanguage":"de","@id":"https:\/\/www.junglefish.net\/#\/schema\/logo\/image\/","url":"https:\/\/www.junglefish.net\/wp-content\/uploads\/2017\/06\/JungleFish-logo-2x-h-236px-tr.png","contentUrl":"https:\/\/www.junglefish.net\/wp-content\/uploads\/2017\/06\/JungleFish-logo-2x-h-236px-tr.png","width":749,"height":236,"caption":"Junglefish"},"image":{"@id":"https:\/\/www.junglefish.net\/#\/schema\/logo\/image\/"},"sameAs":["https:\/\/www.linkedin.com\/company\/junglefish"]}]}},"_links":{"self":[{"href":"https:\/\/www.junglefish.net\/de\/wp-json\/wp\/v2\/pages\/1325","targetHints":{"allow":["GET"]}}],"collection":[{"href":"https:\/\/www.junglefish.net\/de\/wp-json\/wp\/v2\/pages"}],"about":[{"href":"https:\/\/www.junglefish.net\/de\/wp-json\/wp\/v2\/types\/page"}],"author":[{"embeddable":true,"href":"https:\/\/www.junglefish.net\/de\/wp-json\/wp\/v2\/users\/6"}],"replies":[{"embeddable":true,"href":"https:\/\/www.junglefish.net\/de\/wp-json\/wp\/v2\/comments?post=1325"}],"version-history":[{"count":2,"href":"https:\/\/www.junglefish.net\/de\/wp-json\/wp\/v2\/pages\/1325\/revisions"}],"predecessor-version":[{"id":3218,"href":"https:\/\/www.junglefish.net\/de\/wp-json\/wp\/v2\/pages\/1325\/revisions\/3218"}],"wp:featuredmedia":[{"embeddable":true,"href":"https:\/\/www.junglefish.net\/de\/wp-json\/wp\/v2\/media\/965"}],"wp:attachment":[{"href":"https:\/\/www.junglefish.net\/de\/wp-json\/wp\/v2\/media?parent=1325"}],"curies":[{"name":"wp","href":"https:\/\/api.w.org\/{rel}","templated":true}]}}