{"id":1335,"date":"2017-06-12T17:11:04","date_gmt":"2017-06-12T09:11:04","guid":{"rendered":"http:\/\/www.junglefish.net\/?page_id=1335"},"modified":"2021-12-07T11:28:11","modified_gmt":"2021-12-07T03:28:11","slug":"profile","status":"publish","type":"page","link":"https:\/\/www.junglefish.net\/de\/profile\/","title":{"rendered":"About us"},"content":{"rendered":"<style type=\"text\/css\" data-created_by=\"avia_inline_auto\" id=\"style-css-av-q7skw7-78246c12089d831b1cb1aebc6a38c314\">\n.avia-section.av-q7skw7-78246c12089d831b1cb1aebc6a38c314{\nbackground-color:#f7f7f5;\n}\n<\/style>\n<div id='av_section_1'  class='avia-section av-q7skw7-78246c12089d831b1cb1aebc6a38c314 main_color avia-section-no-padding avia-no-border-styling  avia-builder-el-0  el_before_av_section  avia-builder-el-first  avia-bg-style-scroll  container_wrap fullsize'  ><div class='container av-section-cont-open' ><main  role=\"main\" itemprop=\"mainContentOfPage\"  class='template-page content  av-content-full alpha units'><div class='post-entry post-entry-type-page post-entry-1335'><div class='entry-content-wrapper clearfix'>\n<div   data-size='featured_large'  data-lightbox_size='large'  data-animation='slide'  data-conditional_play=''  data-ids='2731'  data-video_counter='0'  data-autoplay='false'  data-bg_slider='false'  data-slide_height=''  data-handle='av_slideshow'  data-interval='5'  data-class=' avia-builder-el-1  avia-builder-el-no-sibling  '  data-el_id=''  data-css_id=''  data-scroll_down=''  data-control_layout='av-control-hidden'  data-custom_markup=''  data-perma_caption=''  data-autoplay_stopper=''  data-image_attachment=''  data-min_height='0px'  data-lazy_loading='disabled'  data-img_scrset=''  data-default-height='42'  class='avia-slideshow avia-slideshow-1  av-control-hidden av-default-height-applied avia-slideshow-featured_large av_slideshow  avia-builder-el-1  avia-builder-el-no-sibling   avia-slide-slider '  itemprop=\"image\" itemscope=\"itemscope\" itemtype=\"https:\/\/schema.org\/ImageObject\" ><ul class='avia-slideshow-inner ' style='padding-bottom: 47.933884297521%;' ><li  class=' av-single-slide slide-1 ' ><div data-rel='slideshow-1' class='avia-slide-wrap '   ><img decoding=\"async\" class=\"wp-image-2731 avia-img-lazy-loading-not-2731\"  src=\"https:\/\/www.junglefish.net\/wp-content\/uploads\/2021\/10\/01-We.webp\" width=\"1210\" height=\"580\" title='01 We' alt=''  itemprop=\"thumbnailUrl\" srcset=\"https:\/\/www.junglefish.net\/wp-content\/uploads\/2021\/10\/01-We.webp 1210w, https:\/\/www.junglefish.net\/wp-content\/uploads\/2021\/10\/01-We-300x144.webp 300w, https:\/\/www.junglefish.net\/wp-content\/uploads\/2021\/10\/01-We-1030x494.webp 1030w, https:\/\/www.junglefish.net\/wp-content\/uploads\/2021\/10\/01-We-768x368.webp 768w, https:\/\/www.junglefish.net\/wp-content\/uploads\/2021\/10\/01-We-705x338.webp 705w\" sizes=\"(max-width: 1210px) 100vw, 1210px\" \/><\/div><\/li><\/ul><\/div>\n\n<\/div><\/div><\/main><!-- close content main element --><\/div><\/div><div id='av_section_2'  class='avia-section av-24inp3-5337fc15f9bb0cd2769452324c135028 main_color avia-section-default avia-no-border-styling  avia-builder-el-2  el_after_av_section  avia-builder-el-last  avia-bg-style-scroll  container_wrap fullsize'  ><div class='container av-section-cont-open' ><div class='template-page content  av-content-full alpha units'><div class='post-entry post-entry-type-page post-entry-1335'><div class='entry-content-wrapper clearfix'>\n\n<style type=\"text\/css\" data-created_by=\"avia_inline_auto\" id=\"style-css-av-jnu2fb-a511cfd65304ebdecae940a7b7115e2f\">\n.flex_column.av-jnu2fb-a511cfd65304ebdecae940a7b7115e2f{\nborder-radius:0px 0px 0px 0px;\n-webkit-border-radius:0px 0px 0px 0px;\n-moz-border-radius:0px 0px 0px 0px;\npadding:15px 15px 15px 15px;\n}\n<\/style>\n<div class='flex_column av-jnu2fb-a511cfd65304ebdecae940a7b7115e2f av_three_fifth  avia-builder-el-3  el_before_av_two_fifth  avia-builder-el-first  first flex_column_div '   ><section  class='av_textblock_section av-hadpyv-b492369c5b27b3adea6da542eab9bbf3 '  itemscope=\"itemscope\" itemtype=\"https:\/\/schema.org\/CreativeWork\" ><div class='avia_textblock '  itemprop=\"text\" ><h1 class=\"superbig\"><\/p>\n<\/blockquote>\n<h1 class=\"superbig\"><\/p>\n<\/blockquote>\n<h1 class=\"superbig\">\u00dcber uns, Chinesische Markennamen und den Fisch<\/h1>\n<blockquote>\n<p>Wir glauben, dass konsistente und kreative Gestaltung <strong>Vertrauen schafft und das Gesch\u00e4ft<\/strong> antreibt. Liebe zum Detail, ein \u00fcberzeugendes Konzept und fehlerlose Ausf\u00fchrung helfen einer Marke Profil zu gewinnen, besonders in China. Firmen, die Design in die Gesch\u00e4ftsstrategie integrieren sind erfolgreicher.<\/p>\n<\/blockquote>\n<\/div><\/section><br \/>\n\n<style type=\"text\/css\" data-created_by=\"avia_inline_auto\" id=\"style-css-av-f254rr-0abb9a8387c35d35849a7fb33f5ddb1e\">\n#top .hr.hr-invisible.av-f254rr-0abb9a8387c35d35849a7fb33f5ddb1e{\nheight:20px;\n}\n<\/style>\n<div  class='hr av-f254rr-0abb9a8387c35d35849a7fb33f5ddb1e hr-invisible  avia-builder-el-5  el_after_av_textblock  el_before_av_textblock  '><span class='hr-inner '><span class=\"hr-inner-style\"><\/span><\/span><\/div><br \/>\n<section  class='av_textblock_section av-ej2tzb-198f72c330ca676e981094ff22bbaa8a '  itemscope=\"itemscope\" itemtype=\"https:\/\/schema.org\/CreativeWork\" ><div class='avia_textblock '  itemprop=\"text\" ><p><\/p>\n<p>Der Name JungleFish steht f\u00fcr einen gewandten Navigator durch ein hochkomplexes Umfeld. Der Dschungel ist der internationale, tag- und nachtaktive, chaotisch wachsende Markt \u2013 exemplarisch sichtbar in Shanghai.<\/p>\n<p>Der Fisch findet den richtigen Weg, intuitiv und mit Leichtigkeit.\u00a0JungleFish steht f\u00fcr unser Studio, f\u00fcr unser interkulturelles Team, das mit klarer und sorgf\u00e4ltiger Gestaltung Komplexit\u00e4t beherrschbar macht.<\/p>\n<p>Tai Ji Yu \u2013 \u592a\u6781\u9c7c \u2013 unser chinesischer Markename orientiert sich an Ideen aus der Song Dynastie (960 -1279). Tai Ji steht f\u00fcr die Verschmelzung von Gegens\u00e4tzen in Harmonie. Unser gemischtes chinesisch-ausl\u00e4ndisches Team ist ge\u00fcbt im Umgang mit kulturellen Unterschieden und benutzt die Spannung kreativ, um einzigartige Kommunikationsl\u00f6sungen zu finden.\u00a0Der Fisch (Yu) in unserer chinesischen Marke Tai Ji Yu symbolisiert positive Entwicklungen in China wie Wohlstand, Aufschwung und Produktivit\u00e4t und bringt damit neue Aspekte in den Markennamen.\u00a0Der Dschungel wurde im chinesischen Namen mit Tai Ji, das auch als Yin-Yang Konzept bekannt ist, ersetzt. Durch den Bezug zu traditioneller\u00a0Chinesischer\u00a0Philosophie\u00a0k\u00f6nnen sich Chinesische Rezipienten schneller ein besseres\u00a0Bild von unserem Selbstverst\u00e4ndnis machen als es durch den Englischen Namen alleine m\u00f6glich w\u00e4re.<\/p>\n<p><\/p>\n<\/div><\/section><\/p><\/div>\n<style type=\"text\/css\" data-created_by=\"avia_inline_auto\" id=\"style-css-av-chf30n-22070c6b2a2862acc8aea119bbf1f3fe\">\n.flex_column.av-chf30n-22070c6b2a2862acc8aea119bbf1f3fe{\nborder-radius:0px 0px 0px 0px;\n-webkit-border-radius:0px 0px 0px 0px;\n-moz-border-radius:0px 0px 0px 0px;\n}\n<\/style>\n<div class='flex_column av-chf30n-22070c6b2a2862acc8aea119bbf1f3fe av_two_fifth  avia-builder-el-7  el_after_av_three_fifth  avia-builder-el-last  flex_column_div av-zero-column-padding '   ><p>\n<style type=\"text\/css\" data-created_by=\"avia_inline_auto\" id=\"style-css-av-azia6v-82512415dc462888ad3a34619a16076a\">\n.avia-image-container.av-azia6v-82512415dc462888ad3a34619a16076a .av-image-caption-overlay-center{\ncolor:#ffffff;\n}\n<\/style>\n<div  class='avia-image-container av-azia6v-82512415dc462888ad3a34619a16076a av-styling- avia-align-center  avia-builder-el-8  el_before_av_textblock  avia-builder-el-first  '  itemprop=\"image\" itemscope=\"itemscope\" itemtype=\"https:\/\/schema.org\/ImageObject\" ><div class=\"avia-image-container-inner\"><div class=\"avia-image-overlay-wrap\"><img decoding=\"async\" class='wp-image-983 avia-img-lazy-loading-not-983 avia_image' src=\"https:\/\/www.junglefish.net\/wp-content\/uploads\/2015\/07\/JF-team-small.jpg\" alt='' title='JF-team-small'  height=\"300\" width=\"600\"  itemprop=\"thumbnailUrl\" srcset=\"https:\/\/www.junglefish.net\/wp-content\/uploads\/2015\/07\/JF-team-small.jpg 600w, https:\/\/www.junglefish.net\/wp-content\/uploads\/2015\/07\/JF-team-small-300x150.jpg 300w, https:\/\/www.junglefish.net\/wp-content\/uploads\/2015\/07\/JF-team-small-450x225.jpg 450w\" sizes=\"(max-width: 600px) 100vw, 600px\" \/><\/div><\/div><\/div><br \/>\n<section  class='av_textblock_section av-9hf1vr-b39cf02bd1518f71213f8f442386c721 '  itemscope=\"itemscope\" itemtype=\"https:\/\/schema.org\/CreativeWork\" ><div class='avia_textblock '  itemprop=\"text\" ><h3>Team<\/h3>\n<p>Wir arbeiten fast ausschlie\u00dflich mit einem festen Team und erg\u00e4nzen nur ausnahmsweise\u00a0durch externe Spezialisten. Deutsche, Chinesen, sowie Designer aus anderen asiatischen und europ\u00e4ischen L\u00e4ndern arbeiten gemeinsam\u00a0und fach\u00fcbergreifend. Diese Mischung von Mitarbeitern aus verschiedenen Kulturkreisen erweitert unseren Horizont und erlaubt uns eine sinngebende Gestaltung f\u00fcr lokale und globale M\u00e4rkte.<\/p>\n<h3><\/p>\n<\/div><\/section><br \/>\n\n<style type=\"text\/css\" data-created_by=\"avia_inline_auto\" id=\"style-css-av-87vltj-9701f3999fc724b7d74708ae229246d1\">\n.avia-image-container.av-87vltj-9701f3999fc724b7d74708ae229246d1 .av-image-caption-overlay-center{\ncolor:#ffffff;\n}\n<\/style>\n<div  class='avia-image-container av-87vltj-9701f3999fc724b7d74708ae229246d1 av-styling- avia-align-center  avia-builder-el-10  el_after_av_textblock  el_before_av_textblock  '  itemprop=\"image\" itemscope=\"itemscope\" itemtype=\"https:\/\/schema.org\/ImageObject\" ><div class=\"avia-image-container-inner\"><div class=\"avia-image-overlay-wrap\"><img decoding=\"async\" class='wp-image-989 avia-img-lazy-loading-not-989 avia_image' src=\"https:\/\/www.junglefish.net\/wp-content\/uploads\/2015\/07\/JF-team-small-PF-2.jpg\" alt='' title='JF-team-small-PF'  height=\"400\" width=\"600\"  itemprop=\"thumbnailUrl\" srcset=\"https:\/\/www.junglefish.net\/wp-content\/uploads\/2015\/07\/JF-team-small-PF-2.jpg 600w, https:\/\/www.junglefish.net\/wp-content\/uploads\/2015\/07\/JF-team-small-PF-2-300x200.jpg 300w, https:\/\/www.junglefish.net\/wp-content\/uploads\/2015\/07\/JF-team-small-PF-2-450x300.jpg 450w\" sizes=\"(max-width: 600px) 100vw, 600px\" \/><\/div><\/div><\/div><br \/>\n<section  class='av_textblock_section av-5oyabb-bb8021324de69fdc7ef4f636dc5e2d39 '  itemscope=\"itemscope\" itemtype=\"https:\/\/schema.org\/CreativeWork\" ><div class='avia_textblock '  itemprop=\"text\" ><p><\/p>\n<h3>Philipp Fries<\/h3>\n<p>Nach dem Studium von Philosophie, Literatur und Design arbeitete Philipp mehrere Jahre freiberuflich f\u00fcr verschiedene Designunternehmen in Deutschland. In China widmet er sich seit\u00a0\u00fcber 10 Jahren der\u00a0interkulturellen Markenentwicklung. Philipp ist Spezialist f\u00fcr Typographie und sinngebende Gestaltung.<br \/>\n<\/p>\n<\/div><\/section><br \/>\n\n<style type=\"text\/css\" data-created_by=\"avia_inline_auto\" id=\"style-css-av-3i1a2v-6fb7d1da07afef7afb572664f2a919b7\">\n.avia-image-container.av-3i1a2v-6fb7d1da07afef7afb572664f2a919b7 .av-image-caption-overlay-center{\ncolor:#ffffff;\n}\n<\/style>\n<div  class='avia-image-container av-3i1a2v-6fb7d1da07afef7afb572664f2a919b7 av-styling- avia-align-center  avia-builder-el-12  el_after_av_textblock  el_before_av_textblock  '  itemprop=\"image\" itemscope=\"itemscope\" itemtype=\"https:\/\/schema.org\/ImageObject\" ><div class=\"avia-image-container-inner\"><div class=\"avia-image-overlay-wrap\"><img decoding=\"async\" class='wp-image-1026 avia-img-lazy-loading-not-1026 avia_image' src=\"https:\/\/www.junglefish.net\/wp-content\/uploads\/2015\/07\/JF-team-WO-desat.png\" alt='' title='JF-team-WO-desat'  height=\"400\" width=\"600\"  itemprop=\"thumbnailUrl\" srcset=\"https:\/\/www.junglefish.net\/wp-content\/uploads\/2015\/07\/JF-team-WO-desat.png 600w, https:\/\/www.junglefish.net\/wp-content\/uploads\/2015\/07\/JF-team-WO-desat-300x200.png 300w, https:\/\/www.junglefish.net\/wp-content\/uploads\/2015\/07\/JF-team-WO-desat-450x300.png 450w\" sizes=\"(max-width: 600px) 100vw, 600px\" \/><\/div><\/div><\/div><br \/>\n<section  class='av_textblock_section av-2vyyef-c373c5b559f8ea110f807e241ba3578d '  itemscope=\"itemscope\" itemtype=\"https:\/\/schema.org\/CreativeWork\" ><div class='avia_textblock '  itemprop=\"text\" ><h3>Wolfgang Obermeier<\/h3>\n<\/div><\/section><br \/>\n<section  class='av_textblock_section av-jk0orhat-1d7732b5b1f4d76d527429cf2f122fb8 '  itemscope=\"itemscope\" itemtype=\"https:\/\/schema.org\/CreativeWork\" ><div class='avia_textblock '  itemprop=\"text\" ><p>Nach einem Ingenieurstudium in Deutschland begann Wolfgang seine berufliche Laufbahn als Entwicklungsingenieur. Es folgten erg\u00e4nzende Studien in Kalifornien (Computer Science) und Boston (Management), sowie ein Engagement als Associate Professor an der University of Maryland. Wolfgang hat \u00fcber 30 Jahre Erfahrung in der Produktentwicklung. Er verf\u00fcgt \u00fcber ein breites Fach- und Methodenwissen. Dazu kommen einige Patente im Bereich Medizinger\u00e4te. Im Jahr 2009 lernte er Philipp Fries in Shanghai kennen, wo Sie gemeinsam JungleFish gr\u00fcndeten.<\/p>\n<p><\/p>\n<\/div><\/section><\/p><\/div>","protected":false},"excerpt":{"rendered":"<p>To understand Chinese Naming it is necessary to develop a deep understanding of the local culture. Perpetual learning. <\/p>\n","protected":false},"author":6,"featured_media":2731,"parent":0,"menu_order":0,"comment_status":"closed","ping_status":"closed","template":"","meta":{"footnotes":""},"class_list":["post-1335","page","type-page","status-publish","has-post-thumbnail","hentry"],"yoast_head":"<!-- This site is optimized with the Yoast SEO plugin v25.9 - https:\/\/yoast.com\/wordpress\/plugins\/seo\/ -->\n<title>About us &#8226; JungleFish Shanghai &#8226; Branding and Design<\/title>\n<meta name=\"description\" content=\"To understand Chinese Naming it is necessary to develop a deep understanding of the local culture. Perpetual learning.\" \/>\n<meta name=\"robots\" content=\"index, follow, max-snippet:-1, max-image-preview:large, max-video-preview:-1\" \/>\n<link rel=\"canonical\" href=\"https:\/\/www.junglefish.net\/profile\/\" \/>\n<meta property=\"og:locale\" content=\"de_DE\" \/>\n<meta property=\"og:type\" content=\"article\" \/>\n<meta property=\"og:title\" content=\"About us &#8226; JungleFish Shanghai &#8226; Branding and Design\" \/>\n<meta property=\"og:description\" content=\"To understand Chinese Naming it is necessary to develop a deep understanding of the local culture. Perpetual learning.\" \/>\n<meta property=\"og:url\" content=\"https:\/\/www.junglefish.net\/profile\/\" \/>\n<meta property=\"og:site_name\" content=\"JungleFish Shanghai\" \/>\n<meta property=\"article:modified_time\" content=\"2021-12-07T03:28:11+00:00\" \/>\n<meta property=\"og:image\" content=\"https:\/\/www.junglefish.net\/wp-content\/uploads\/2021\/10\/01-We.webp\" \/>\n\t<meta property=\"og:image:width\" content=\"1210\" \/>\n\t<meta property=\"og:image:height\" content=\"580\" \/>\n\t<meta property=\"og:image:type\" content=\"image\/webp\" \/>\n<meta name=\"twitter:card\" content=\"summary_large_image\" \/>\n<meta name=\"twitter:label1\" content=\"Gesch\u00e4tzte Lesezeit\" \/>\n\t<meta name=\"twitter:data1\" content=\"5\u00a0Minuten\" \/>\n<script type=\"application\/ld+json\" class=\"yoast-schema-graph\">{\"@context\":\"https:\/\/schema.org\",\"@graph\":[{\"@type\":[\"WebPage\",\"AboutPage\"],\"@id\":\"https:\/\/www.junglefish.net\/profile\/\",\"url\":\"https:\/\/www.junglefish.net\/profile\/\",\"name\":\"About us &#8226; JungleFish Shanghai &#8226; Branding and Design\",\"isPartOf\":{\"@id\":\"https:\/\/www.junglefish.net\/#website\"},\"primaryImageOfPage\":{\"@id\":\"https:\/\/www.junglefish.net\/profile\/#primaryimage\"},\"image\":{\"@id\":\"https:\/\/www.junglefish.net\/profile\/#primaryimage\"},\"thumbnailUrl\":\"https:\/\/www.junglefish.net\/wp-content\/uploads\/2021\/10\/01-We.webp\",\"datePublished\":\"2017-06-12T09:11:04+00:00\",\"dateModified\":\"2021-12-07T03:28:11+00:00\",\"description\":\"To understand Chinese Naming it is necessary to develop a deep understanding of the local culture. Perpetual learning.\",\"breadcrumb\":{\"@id\":\"https:\/\/www.junglefish.net\/profile\/#breadcrumb\"},\"inLanguage\":\"de\",\"potentialAction\":[{\"@type\":\"ReadAction\",\"target\":[\"https:\/\/www.junglefish.net\/profile\/\"]}]},{\"@type\":\"ImageObject\",\"inLanguage\":\"de\",\"@id\":\"https:\/\/www.junglefish.net\/profile\/#primaryimage\",\"url\":\"https:\/\/www.junglefish.net\/wp-content\/uploads\/2021\/10\/01-We.webp\",\"contentUrl\":\"https:\/\/www.junglefish.net\/wp-content\/uploads\/2021\/10\/01-We.webp\",\"width\":1210,\"height\":580},{\"@type\":\"BreadcrumbList\",\"@id\":\"https:\/\/www.junglefish.net\/profile\/#breadcrumb\",\"itemListElement\":[{\"@type\":\"ListItem\",\"position\":1,\"name\":\"Home\",\"item\":\"https:\/\/www.junglefish.net\/\"},{\"@type\":\"ListItem\",\"position\":2,\"name\":\"About us\"}]},{\"@type\":\"WebSite\",\"@id\":\"https:\/\/www.junglefish.net\/#website\",\"url\":\"https:\/\/www.junglefish.net\/\",\"name\":\"JungleFish Shanghai\",\"description\":\"Branding and Design\",\"publisher\":{\"@id\":\"https:\/\/www.junglefish.net\/#organization\"},\"potentialAction\":[{\"@type\":\"SearchAction\",\"target\":{\"@type\":\"EntryPoint\",\"urlTemplate\":\"https:\/\/www.junglefish.net\/?s={search_term_string}\"},\"query-input\":{\"@type\":\"PropertyValueSpecification\",\"valueRequired\":true,\"valueName\":\"search_term_string\"}}],\"inLanguage\":\"de\"},{\"@type\":\"Organization\",\"@id\":\"https:\/\/www.junglefish.net\/#organization\",\"name\":\"Junglefish\",\"url\":\"https:\/\/www.junglefish.net\/\",\"logo\":{\"@type\":\"ImageObject\",\"inLanguage\":\"de\",\"@id\":\"https:\/\/www.junglefish.net\/#\/schema\/logo\/image\/\",\"url\":\"https:\/\/www.junglefish.net\/wp-content\/uploads\/2017\/06\/JungleFish-logo-2x-h-236px-tr.png\",\"contentUrl\":\"https:\/\/www.junglefish.net\/wp-content\/uploads\/2017\/06\/JungleFish-logo-2x-h-236px-tr.png\",\"width\":749,\"height\":236,\"caption\":\"Junglefish\"},\"image\":{\"@id\":\"https:\/\/www.junglefish.net\/#\/schema\/logo\/image\/\"},\"sameAs\":[\"https:\/\/www.linkedin.com\/company\/junglefish\"]}]}<\/script>\n<!-- \/ Yoast SEO plugin. -->","yoast_head_json":{"title":"About us &#8226; JungleFish Shanghai &#8226; Branding and Design","description":"To understand Chinese Naming it is necessary to develop a deep understanding of the local culture. Perpetual learning.","robots":{"index":"index","follow":"follow","max-snippet":"max-snippet:-1","max-image-preview":"max-image-preview:large","max-video-preview":"max-video-preview:-1"},"canonical":"https:\/\/www.junglefish.net\/profile\/","og_locale":"de_DE","og_type":"article","og_title":"About us &#8226; JungleFish Shanghai &#8226; Branding and Design","og_description":"To understand Chinese Naming it is necessary to develop a deep understanding of the local culture. Perpetual learning.","og_url":"https:\/\/www.junglefish.net\/profile\/","og_site_name":"JungleFish Shanghai","article_modified_time":"2021-12-07T03:28:11+00:00","og_image":[{"width":1210,"height":580,"url":"https:\/\/www.junglefish.net\/wp-content\/uploads\/2021\/10\/01-We.webp","type":"image\/webp"}],"twitter_card":"summary_large_image","twitter_misc":{"Gesch\u00e4tzte Lesezeit":"5\u00a0Minuten"},"schema":{"@context":"https:\/\/schema.org","@graph":[{"@type":["WebPage","AboutPage"],"@id":"https:\/\/www.junglefish.net\/profile\/","url":"https:\/\/www.junglefish.net\/profile\/","name":"About us &#8226; JungleFish Shanghai &#8226; Branding and Design","isPartOf":{"@id":"https:\/\/www.junglefish.net\/#website"},"primaryImageOfPage":{"@id":"https:\/\/www.junglefish.net\/profile\/#primaryimage"},"image":{"@id":"https:\/\/www.junglefish.net\/profile\/#primaryimage"},"thumbnailUrl":"https:\/\/www.junglefish.net\/wp-content\/uploads\/2021\/10\/01-We.webp","datePublished":"2017-06-12T09:11:04+00:00","dateModified":"2021-12-07T03:28:11+00:00","description":"To understand Chinese Naming it is necessary to develop a deep understanding of the local culture. Perpetual learning.","breadcrumb":{"@id":"https:\/\/www.junglefish.net\/profile\/#breadcrumb"},"inLanguage":"de","potentialAction":[{"@type":"ReadAction","target":["https:\/\/www.junglefish.net\/profile\/"]}]},{"@type":"ImageObject","inLanguage":"de","@id":"https:\/\/www.junglefish.net\/profile\/#primaryimage","url":"https:\/\/www.junglefish.net\/wp-content\/uploads\/2021\/10\/01-We.webp","contentUrl":"https:\/\/www.junglefish.net\/wp-content\/uploads\/2021\/10\/01-We.webp","width":1210,"height":580},{"@type":"BreadcrumbList","@id":"https:\/\/www.junglefish.net\/profile\/#breadcrumb","itemListElement":[{"@type":"ListItem","position":1,"name":"Home","item":"https:\/\/www.junglefish.net\/"},{"@type":"ListItem","position":2,"name":"About us"}]},{"@type":"WebSite","@id":"https:\/\/www.junglefish.net\/#website","url":"https:\/\/www.junglefish.net\/","name":"JungleFish Shanghai","description":"Branding and Design","publisher":{"@id":"https:\/\/www.junglefish.net\/#organization"},"potentialAction":[{"@type":"SearchAction","target":{"@type":"EntryPoint","urlTemplate":"https:\/\/www.junglefish.net\/?s={search_term_string}"},"query-input":{"@type":"PropertyValueSpecification","valueRequired":true,"valueName":"search_term_string"}}],"inLanguage":"de"},{"@type":"Organization","@id":"https:\/\/www.junglefish.net\/#organization","name":"Junglefish","url":"https:\/\/www.junglefish.net\/","logo":{"@type":"ImageObject","inLanguage":"de","@id":"https:\/\/www.junglefish.net\/#\/schema\/logo\/image\/","url":"https:\/\/www.junglefish.net\/wp-content\/uploads\/2017\/06\/JungleFish-logo-2x-h-236px-tr.png","contentUrl":"https:\/\/www.junglefish.net\/wp-content\/uploads\/2017\/06\/JungleFish-logo-2x-h-236px-tr.png","width":749,"height":236,"caption":"Junglefish"},"image":{"@id":"https:\/\/www.junglefish.net\/#\/schema\/logo\/image\/"},"sameAs":["https:\/\/www.linkedin.com\/company\/junglefish"]}]}},"_links":{"self":[{"href":"https:\/\/www.junglefish.net\/de\/wp-json\/wp\/v2\/pages\/1335","targetHints":{"allow":["GET"]}}],"collection":[{"href":"https:\/\/www.junglefish.net\/de\/wp-json\/wp\/v2\/pages"}],"about":[{"href":"https:\/\/www.junglefish.net\/de\/wp-json\/wp\/v2\/types\/page"}],"author":[{"embeddable":true,"href":"https:\/\/www.junglefish.net\/de\/wp-json\/wp\/v2\/users\/6"}],"replies":[{"embeddable":true,"href":"https:\/\/www.junglefish.net\/de\/wp-json\/wp\/v2\/comments?post=1335"}],"version-history":[{"count":4,"href":"https:\/\/www.junglefish.net\/de\/wp-json\/wp\/v2\/pages\/1335\/revisions"}],"predecessor-version":[{"id":2841,"href":"https:\/\/www.junglefish.net\/de\/wp-json\/wp\/v2\/pages\/1335\/revisions\/2841"}],"wp:featuredmedia":[{"embeddable":true,"href":"https:\/\/www.junglefish.net\/de\/wp-json\/wp\/v2\/media\/2731"}],"wp:attachment":[{"href":"https:\/\/www.junglefish.net\/de\/wp-json\/wp\/v2\/media?parent=1335"}],"curies":[{"name":"wp","href":"https:\/\/api.w.org\/{rel}","templated":true}]}}