{"id":590,"date":"2016-04-28T10:48:24","date_gmt":"2016-04-28T10:48:24","guid":{"rendered":"http:\/\/119.81.238.26\/~ipdjuzdf\/?page_id=590"},"modified":"2024-12-05T10:22:16","modified_gmt":"2024-12-05T02:22:16","slug":"find","status":"publish","type":"page","link":"https:\/\/www.junglefish.net\/de\/find\/","title":{"rendered":"Find"},"content":{"rendered":"<style type=\"text\/css\" data-created_by=\"avia_inline_auto\" id=\"style-css-av-34odry-e461c480c1db6f574ed24a60475ae048\">\n.avia-section.av-34odry-e461c480c1db6f574ed24a60475ae048{\nbackground-color:#f7f7f5;\nbackground-repeat:no-repeat;\nbackground-image:url(https:\/\/www.junglefish.net\/wp-content\/uploads\/2023\/01\/JungleFish-location-Changping-Lu-2.webp);\nbackground-position:50% 50%;\nbackground-attachment:scroll;\n}\n<\/style>\n<div id='av_section_1'  class='avia-section av-34odry-e461c480c1db6f574ed24a60475ae048 main_color avia-section-no-padding avia-no-shadow  avia-builder-el-0  el_before_av_section  avia-builder-el-first  avia-full-contain avia-bg-style-scroll  av-minimum-height av-minimum-height-50  container_wrap fullsize'  data-section-bg-repeat='contain' data-av_minimum_height_pc='50'><div class='container av-section-cont-open' ><main  role=\"main\" itemprop=\"mainContentOfPage\"  class='template-page content  av-content-full alpha units'><div class='post-entry post-entry-type-page post-entry-590'><div class='entry-content-wrapper clearfix'>\n<\/div><\/div><\/main><!-- close content main element --><\/div><\/div><div id='av_section_2'  class='avia-section av-2rzqqe-7887397865864257668c0ed807fa35a0 main_color avia-section-default avia-no-shadow  avia-builder-el-1  el_after_av_section  avia-builder-el-last  avia-bg-style-scroll  container_wrap fullsize'  ><div class='container av-section-cont-open' ><div class='template-page content  av-content-full alpha units'><div class='post-entry post-entry-type-page post-entry-590'><div class='entry-content-wrapper clearfix'>\n\n<style type=\"text\/css\" data-created_by=\"avia_inline_auto\" id=\"style-css-av-9azva-01799f24e788acffb832b027fcd5bc4d\">\n.flex_column.av-9azva-01799f24e788acffb832b027fcd5bc4d{\nborder-radius:0px 0px 0px 0px;\n-webkit-border-radius:0px 0px 0px 0px;\n-moz-border-radius:0px 0px 0px 0px;\n}\n<\/style>\n<div class='flex_column av-9azva-01799f24e788acffb832b027fcd5bc4d av_one_third  avia-builder-el-2  el_before_av_one_third  avia-builder-el-first  first flex_column_div av-zero-column-padding '   ><p>\n<style type=\"text\/css\" data-created_by=\"avia_inline_auto\" id=\"style-css-av-ley0sn42-dbd3d1ce91035dde4e0e75313851ac81\">\n.avia-image-container.av-ley0sn42-dbd3d1ce91035dde4e0e75313851ac81 .av-image-caption-overlay-center{\ncolor:#ffffff;\n}\n<\/style>\n<div  class='avia-image-container av-ley0sn42-dbd3d1ce91035dde4e0e75313851ac81 av-styling- avia-align-center  avia-builder-el-3  el_before_av_textblock  avia-builder-el-first  '  itemprop=\"image\" itemscope=\"itemscope\" itemtype=\"https:\/\/schema.org\/ImageObject\" ><div class=\"avia-image-container-inner\"><div class=\"avia-image-overlay-wrap\"><img decoding=\"async\" class='wp-image-3311 avia-img-lazy-loading-not-3311 avia_image' src=\"https:\/\/www.junglefish.net\/wp-content\/uploads\/2023\/03\/JungleFish-office-from-bridge.webp\" alt='' title='JungleFish-office-from-bridge'  height=\"533\" width=\"800\"  itemprop=\"thumbnailUrl\" srcset=\"https:\/\/www.junglefish.net\/wp-content\/uploads\/2023\/03\/JungleFish-office-from-bridge.webp 800w, https:\/\/www.junglefish.net\/wp-content\/uploads\/2023\/03\/JungleFish-office-from-bridge-300x200.webp 300w, https:\/\/www.junglefish.net\/wp-content\/uploads\/2023\/03\/JungleFish-office-from-bridge-768x512.webp 768w, https:\/\/www.junglefish.net\/wp-content\/uploads\/2023\/03\/JungleFish-office-from-bridge-705x470.webp 705w\" sizes=\"(max-width: 800px) 100vw, 800px\" \/><\/div><\/div><\/div><br \/>\n<section  class='av_textblock_section av-2b2ery-6e5d1926205ebe419265e64b7bf7c18c '  itemscope=\"itemscope\" itemtype=\"https:\/\/schema.org\/CreativeWork\" ><div class='avia_textblock '  itemprop=\"text\" ><p><\/p>\n<p><strong>JungleFish Shanghai Co. Ltd.<\/strong><br \/>\nOffice 318, ChangPing Road 68,<br \/>\nJing\u2019an District, 200041 Shanghai<br \/>\nTel: +86 21 6155 9800<\/p>\n<p><\/p>\n<\/div><\/section><\/p><\/div>\n<style type=\"text\/css\" data-created_by=\"avia_inline_auto\" id=\"style-css-av-24ao32-eac309f6b837b37331a65cdfa96498fd\">\n.flex_column.av-24ao32-eac309f6b837b37331a65cdfa96498fd{\nborder-radius:0px 0px 0px 0px;\n-webkit-border-radius:0px 0px 0px 0px;\n-moz-border-radius:0px 0px 0px 0px;\n}\n<\/style>\n<div class='flex_column av-24ao32-eac309f6b837b37331a65cdfa96498fd av_one_third  avia-builder-el-5  el_after_av_one_third  el_before_av_one_third  flex_column_div av-zero-column-padding '   ><p><form action=\"https:\/\/www.junglefish.net\/de\/find\/\" method=\"post\"  class=\"avia_ajax_form av-form-labels-hidden   avia-builder-el-6  el_before_av_textblock  avia-builder-el-first  av-custom-form-color av-dark-form \" data-avia-form-id=\"1\" data-avia-redirect='' ><h3 class=''>Send us mail<\/h3><fieldset><p class='  first_form  form_element form_fullwidth' id='element_avia_1_1'><label for=\"avia_1_1\">Name <abbr class=\"required\" title=\"ben\u00f6tigt\">*<\/abbr><\/label> <input name=\"avia_1_1\" class=\"text_input is_empty\" type=\"text\" id=\"avia_1_1\" value=\"\"  placeholder='Name*'\/><\/p><p class='  first_form  form_element form_fullwidth' id='element_avia_2_1'><label for=\"avia_2_1\">E-Mail <abbr class=\"required\" title=\"ben\u00f6tigt\">*<\/abbr><\/label> <input name=\"avia_2_1\" class=\"text_input is_email\" type=\"text\" id=\"avia_2_1\" value=\"\"  placeholder='E-Mail*'\/><\/p><p class='  first_form  form_element form_fullwidth' id='element_avia_3_1'><label for=\"avia_3_1\">Subject <abbr class=\"required\" title=\"ben\u00f6tigt\">*<\/abbr><\/label> <input name=\"avia_3_1\" class=\"text_input is_empty\" type=\"text\" id=\"avia_3_1\" value=\"\"  placeholder='Subject*'\/><\/p><p class='  first_form  form_element form_fullwidth av-last-visible-form-element' id='element_avia_4_1'><label for=\"avia_4_1\" class=\"textare_label hidden textare_label_avia_4_1\">Message <abbr class=\"required\" title=\"ben\u00f6tigt\">*<\/abbr><\/label><textarea  placeholder='Message*' name=\"avia_4_1\" class=\"text_area is_empty\" cols=\"40\" rows=\"7\" id=\"avia_4_1\" ><\/textarea><\/p><p class=\"hidden\"><input type=\"text\" name=\"avia_5_1\" class=\"hidden \" id=\"avia_5_1\" value=\"\" \/><\/p><p class=\"form_element \"><input type=\"hidden\" value=\"1\" name=\"avia_generated_form1\" \/><input type=\"submit\" value=\"Submit\" class=\"button\"  data-sending-label=\"Sende\"\/><\/p><\/fieldset><\/form><div id=\"ajaxresponse_1\" class=\"ajaxresponse ajaxresponse_1 hidden\"><\/div><br \/>\n<section  class='av_textblock_section av-11o0ta-9853596d6448a8a144b90b00696db4ce '  itemscope=\"itemscope\" itemtype=\"https:\/\/schema.org\/CreativeWork\" ><div class='avia_textblock '  itemprop=\"text\" ><p><\/p>\n<h3>Kontakt<\/h3>\n<p>Wir freuen uns von Ihnen zu h\u00f6ren:<\/p>\n<p><a href=\"mailto:in**@********sh.net\" data-original-string=\"pMKL\/6aNtl2Xzf+WXf+AMg==bf6U8QjpMZpAS\/PIfQCKTgRkIFnDxohedQzMiaUsuD+szk=\" title=\"Dieser Kontakt wurde von Anti-Spam by CleanTalk verschl\u00fcsselt. Klicken Sie hier, um ihn zu entschl\u00fcsseln. Um die Entschl\u00fcsselung abzuschlie\u00dfen, stellen Sie sicher, dass JavaScript in Ihrem Browser aktiviert ist.\"><span \n                data-original-string='r6ceJqoH178I1aVErrB4wg==bf6W94cQuf0pAOzut705rSdp7dz7YjHoTmS7JpZw0CKKVU='\n                class='apbct-email-encoder'\n                title='Dieser Kontakt wurde von Anti-Spam by CleanTalk verschl\u00fcsselt. Klicken Sie hier, um ihn zu entschl\u00fcsseln. Um die Entschl\u00fcsselung abzuschlie\u00dfen, stellen Sie sicher, dass JavaScript in Ihrem Browser aktiviert ist.'>in<span class=\"apbct-blur\">**<\/span>@<span class=\"apbct-blur\">********<\/span>sh.net<\/span><\/a><\/p>\n<p><\/p>\n<\/div><\/section><\/p><\/div>\n<style type=\"text\/css\" data-created_by=\"avia_inline_auto\" id=\"style-css-av-xer2e-ef705c7c32c9741e9838c26541723631\">\n.flex_column.av-xer2e-ef705c7c32c9741e9838c26541723631{\nborder-radius:0px 0px 0px 0px;\n-webkit-border-radius:0px 0px 0px 0px;\n-moz-border-radius:0px 0px 0px 0px;\n}\n<\/style>\n<div class='flex_column av-xer2e-ef705c7c32c9741e9838c26541723631 av_one_third  avia-builder-el-8  el_after_av_one_third  avia-builder-el-last  flex_column_div av-zero-column-padding '   ><p><section  class='av_textblock_section av-rl6ba-8ef6e82215c5de88b40e562f87fcb291 '  itemscope=\"itemscope\" itemtype=\"https:\/\/schema.org\/CreativeWork\" ><div class='avia_textblock '  itemprop=\"text\" ><p><\/p>\n<h3>Mit der Metro<\/h3>\n<p>Linie 1, 12, 13: Hanzhong Rd Station<br \/>\n9 Minuten zu Fu\u00df<\/p>\n<h3>Taxi<\/h3>\n<p>Mit dem Taxi geht es nat\u00fcrlich auch. Hier die Adresse auf Chinesisch.<br \/>\n\u4e0a\u6d77\u5e02\u9759\u5b89\u533a\u660c\u5e73\u8def68\u53f7 \u9759\u5b89\u73b0\u4ee3\u4ea7\u4e1a\u5927\u53a6618\u5ba4<\/p>\n<p><\/p>\n<\/div><\/section><br \/>\n<section  class='av_textblock_section av-nlmvi-36cd634ea830ac82a9b0b16cf42e3f97 '  itemscope=\"itemscope\" itemtype=\"https:\/\/schema.org\/CreativeWork\" ><div class='avia_textblock '  itemprop=\"text\" ><h3>Join Us<\/h3>\n<p>We continuously offer internships to design students from China and abroad. Up to two students can join our team for a period of 5 to 6 months. Students from abroad must be enrolled at their university and able to enjoy visa and logistic support. \u00a0Interns are fully integrated into project teams and are exposed to the full process of design for a holistic experience.<\/p>\n<p>Our work environment is English. That is why we require that all applicants are confident with English on a professional level.<\/p>\n<p>Please send your application to\u00a0<a href=\"mailto:in**@********sh.net\" data-original-string=\"aUmRWf7\/bTGCDzm+jwsWGQ==bf6LcoaZal5n3DyDL8XlkAC9uLfR7ZdCt9IHfRjbsyv8P4=\" title=\"Dieser Kontakt wurde von Anti-Spam by CleanTalk verschl\u00fcsselt. Klicken Sie hier, um ihn zu entschl\u00fcsseln. Um die Entschl\u00fcsselung abzuschlie\u00dfen, stellen Sie sicher, dass JavaScript in Ihrem Browser aktiviert ist.\"><span \n                data-original-string='ZiAHLvCGTdHjcxyvqetNnQ==bf6z6jbUQn\/pkdaCY43u3eRroPNGMRj9nnl9cmX0xafKXg='\n                class='apbct-email-encoder'\n                title='Dieser Kontakt wurde von Anti-Spam by CleanTalk verschl\u00fcsselt. Klicken Sie hier, um ihn zu entschl\u00fcsseln. Um die Entschl\u00fcsselung abzuschlie\u00dfen, stellen Sie sicher, dass JavaScript in Ihrem Browser aktiviert ist.'>in<span class=\"apbct-blur\">**<\/span>@<span class=\"apbct-blur\">********<\/span>sh.net<\/span><\/a>\u00a0\u00a0We do respond to all applicants that meet the stated requirements!<\/p>\n<h5>Current Internship Openings<\/h5>\n<p><a href=\"https:\/\/www.junglefish.net\/intern-ib\/\">Internship &#8211; Intercultural Branding<\/a><\/p>\n<\/div><\/section><\/p><\/div>","protected":false},"excerpt":{"rendered":"<p>JungleFish Shanghai is located in central Shanghai, Jing&#8217;An District. We always look for locations with character before they get demolished. <\/p>\n","protected":false},"author":6,"featured_media":0,"parent":0,"menu_order":0,"comment_status":"closed","ping_status":"closed","template":"","meta":{"footnotes":""},"class_list":["post-590","page","type-page","status-publish","hentry"],"yoast_head":"<!-- This site is optimized with the Yoast SEO plugin v25.9 - https:\/\/yoast.com\/wordpress\/plugins\/seo\/ -->\n<title>Find &#8226; JungleFish Shanghai &#8226; Branding and Design<\/title>\n<meta name=\"description\" content=\"JungleFish Shanghai is located in central Shanghai, Jing&#039;An District. We always look for locations with character before they get demolished.\" \/>\n<meta name=\"robots\" content=\"index, follow, max-snippet:-1, max-image-preview:large, max-video-preview:-1\" \/>\n<link rel=\"canonical\" href=\"https:\/\/www.junglefish.net\/find\/\" \/>\n<meta property=\"og:locale\" content=\"de_DE\" \/>\n<meta property=\"og:type\" content=\"article\" \/>\n<meta property=\"og:title\" content=\"Find &#8226; JungleFish Shanghai &#8226; Branding and Design\" \/>\n<meta property=\"og:description\" content=\"JungleFish Shanghai is located in central Shanghai, Jing&#039;An District. We always look for locations with character before they get demolished.\" \/>\n<meta property=\"og:url\" content=\"https:\/\/www.junglefish.net\/find\/\" \/>\n<meta property=\"og:site_name\" content=\"JungleFish Shanghai\" \/>\n<meta property=\"article:modified_time\" content=\"2024-12-05T02:22:16+00:00\" \/>\n<meta name=\"twitter:card\" content=\"summary_large_image\" \/>\n<meta name=\"twitter:label1\" content=\"Gesch\u00e4tzte Lesezeit\" \/>\n\t<meta name=\"twitter:data1\" content=\"3\u00a0Minuten\" \/>\n<script type=\"application\/ld+json\" class=\"yoast-schema-graph\">{\"@context\":\"https:\/\/schema.org\",\"@graph\":[{\"@type\":\"WebPage\",\"@id\":\"https:\/\/www.junglefish.net\/find\/\",\"url\":\"https:\/\/www.junglefish.net\/find\/\",\"name\":\"Find &#8226; JungleFish Shanghai &#8226; Branding and Design\",\"isPartOf\":{\"@id\":\"https:\/\/www.junglefish.net\/#website\"},\"datePublished\":\"2016-04-28T10:48:24+00:00\",\"dateModified\":\"2024-12-05T02:22:16+00:00\",\"description\":\"JungleFish Shanghai is located in central Shanghai, Jing'An District. We always look for locations with character before they get demolished.\",\"breadcrumb\":{\"@id\":\"https:\/\/www.junglefish.net\/find\/#breadcrumb\"},\"inLanguage\":\"de\",\"potentialAction\":[{\"@type\":\"ReadAction\",\"target\":[\"https:\/\/www.junglefish.net\/find\/\"]}]},{\"@type\":\"BreadcrumbList\",\"@id\":\"https:\/\/www.junglefish.net\/find\/#breadcrumb\",\"itemListElement\":[{\"@type\":\"ListItem\",\"position\":1,\"name\":\"Home\",\"item\":\"https:\/\/www.junglefish.net\/\"},{\"@type\":\"ListItem\",\"position\":2,\"name\":\"Find\"}]},{\"@type\":\"WebSite\",\"@id\":\"https:\/\/www.junglefish.net\/#website\",\"url\":\"https:\/\/www.junglefish.net\/\",\"name\":\"JungleFish Shanghai\",\"description\":\"Branding and Design\",\"publisher\":{\"@id\":\"https:\/\/www.junglefish.net\/#organization\"},\"potentialAction\":[{\"@type\":\"SearchAction\",\"target\":{\"@type\":\"EntryPoint\",\"urlTemplate\":\"https:\/\/www.junglefish.net\/?s={search_term_string}\"},\"query-input\":{\"@type\":\"PropertyValueSpecification\",\"valueRequired\":true,\"valueName\":\"search_term_string\"}}],\"inLanguage\":\"de\"},{\"@type\":\"Organization\",\"@id\":\"https:\/\/www.junglefish.net\/#organization\",\"name\":\"Junglefish\",\"url\":\"https:\/\/www.junglefish.net\/\",\"logo\":{\"@type\":\"ImageObject\",\"inLanguage\":\"de\",\"@id\":\"https:\/\/www.junglefish.net\/#\/schema\/logo\/image\/\",\"url\":\"https:\/\/www.junglefish.net\/wp-content\/uploads\/2017\/06\/JungleFish-logo-2x-h-236px-tr.png\",\"contentUrl\":\"https:\/\/www.junglefish.net\/wp-content\/uploads\/2017\/06\/JungleFish-logo-2x-h-236px-tr.png\",\"width\":749,\"height\":236,\"caption\":\"Junglefish\"},\"image\":{\"@id\":\"https:\/\/www.junglefish.net\/#\/schema\/logo\/image\/\"},\"sameAs\":[\"https:\/\/www.linkedin.com\/company\/junglefish\"]}]}<\/script>\n<!-- \/ Yoast SEO plugin. -->","yoast_head_json":{"title":"Find &#8226; JungleFish Shanghai &#8226; Branding and Design","description":"JungleFish Shanghai is located in central Shanghai, Jing'An District. We always look for locations with character before they get demolished.","robots":{"index":"index","follow":"follow","max-snippet":"max-snippet:-1","max-image-preview":"max-image-preview:large","max-video-preview":"max-video-preview:-1"},"canonical":"https:\/\/www.junglefish.net\/find\/","og_locale":"de_DE","og_type":"article","og_title":"Find &#8226; JungleFish Shanghai &#8226; Branding and Design","og_description":"JungleFish Shanghai is located in central Shanghai, Jing'An District. We always look for locations with character before they get demolished.","og_url":"https:\/\/www.junglefish.net\/find\/","og_site_name":"JungleFish Shanghai","article_modified_time":"2024-12-05T02:22:16+00:00","twitter_card":"summary_large_image","twitter_misc":{"Gesch\u00e4tzte Lesezeit":"3\u00a0Minuten"},"schema":{"@context":"https:\/\/schema.org","@graph":[{"@type":"WebPage","@id":"https:\/\/www.junglefish.net\/find\/","url":"https:\/\/www.junglefish.net\/find\/","name":"Find &#8226; JungleFish Shanghai &#8226; Branding and Design","isPartOf":{"@id":"https:\/\/www.junglefish.net\/#website"},"datePublished":"2016-04-28T10:48:24+00:00","dateModified":"2024-12-05T02:22:16+00:00","description":"JungleFish Shanghai is located in central Shanghai, Jing'An District. We always look for locations with character before they get demolished.","breadcrumb":{"@id":"https:\/\/www.junglefish.net\/find\/#breadcrumb"},"inLanguage":"de","potentialAction":[{"@type":"ReadAction","target":["https:\/\/www.junglefish.net\/find\/"]}]},{"@type":"BreadcrumbList","@id":"https:\/\/www.junglefish.net\/find\/#breadcrumb","itemListElement":[{"@type":"ListItem","position":1,"name":"Home","item":"https:\/\/www.junglefish.net\/"},{"@type":"ListItem","position":2,"name":"Find"}]},{"@type":"WebSite","@id":"https:\/\/www.junglefish.net\/#website","url":"https:\/\/www.junglefish.net\/","name":"JungleFish Shanghai","description":"Branding and Design","publisher":{"@id":"https:\/\/www.junglefish.net\/#organization"},"potentialAction":[{"@type":"SearchAction","target":{"@type":"EntryPoint","urlTemplate":"https:\/\/www.junglefish.net\/?s={search_term_string}"},"query-input":{"@type":"PropertyValueSpecification","valueRequired":true,"valueName":"search_term_string"}}],"inLanguage":"de"},{"@type":"Organization","@id":"https:\/\/www.junglefish.net\/#organization","name":"Junglefish","url":"https:\/\/www.junglefish.net\/","logo":{"@type":"ImageObject","inLanguage":"de","@id":"https:\/\/www.junglefish.net\/#\/schema\/logo\/image\/","url":"https:\/\/www.junglefish.net\/wp-content\/uploads\/2017\/06\/JungleFish-logo-2x-h-236px-tr.png","contentUrl":"https:\/\/www.junglefish.net\/wp-content\/uploads\/2017\/06\/JungleFish-logo-2x-h-236px-tr.png","width":749,"height":236,"caption":"Junglefish"},"image":{"@id":"https:\/\/www.junglefish.net\/#\/schema\/logo\/image\/"},"sameAs":["https:\/\/www.linkedin.com\/company\/junglefish"]}]}},"_links":{"self":[{"href":"https:\/\/www.junglefish.net\/de\/wp-json\/wp\/v2\/pages\/590","targetHints":{"allow":["GET"]}}],"collection":[{"href":"https:\/\/www.junglefish.net\/de\/wp-json\/wp\/v2\/pages"}],"about":[{"href":"https:\/\/www.junglefish.net\/de\/wp-json\/wp\/v2\/types\/page"}],"author":[{"embeddable":true,"href":"https:\/\/www.junglefish.net\/de\/wp-json\/wp\/v2\/users\/6"}],"replies":[{"embeddable":true,"href":"https:\/\/www.junglefish.net\/de\/wp-json\/wp\/v2\/comments?post=590"}],"version-history":[{"count":6,"href":"https:\/\/www.junglefish.net\/de\/wp-json\/wp\/v2\/pages\/590\/revisions"}],"predecessor-version":[{"id":3268,"href":"https:\/\/www.junglefish.net\/de\/wp-json\/wp\/v2\/pages\/590\/revisions\/3268"}],"wp:attachment":[{"href":"https:\/\/www.junglefish.net\/de\/wp-json\/wp\/v2\/media?parent=590"}],"curies":[{"name":"wp","href":"https:\/\/api.w.org\/{rel}","templated":true}]}}